{"id":1887,"date":"2025-05-16T14:50:46","date_gmt":"2025-05-16T14:50:46","guid":{"rendered":"https:\/\/www.stowarzyszenieszansa.pl\/page\/?page_id=1887"},"modified":"2025-05-20T07:30:19","modified_gmt":"2025-05-20T07:30:19","slug":"kreatywne-centrum-rozwoju","status":"publish","type":"page","link":"https:\/\/www.stowarzyszenieszansa.pl\/page\/?page_id=1887","title":{"rendered":"Kreatywne Centrum Rozwoju"},"content":{"rendered":"<style>.kb-row-layout-id1887_762028-e0 > .kt-row-column-wrap{align-content:center;}:where(.kb-row-layout-id1887_762028-e0 > .kt-row-column-wrap) > .wp-block-kadence-column{justify-content:center;}.kb-row-layout-id1887_762028-e0 > .kt-row-column-wrap{column-gap:var(--global-kb-gap-lg, 4rem);row-gap:var(--global-kb-gap-none, 0rem );max-width:var( --global-content-width, 1290px );padding-left:var(--global-content-edge-padding);padding-right:var(--global-content-edge-padding);padding-top:var(--global-kb-spacing-3xl, 6.5rem);padding-bottom:var(--global-kb-spacing-xl, 4rem);grid-template-columns:repeat(2, minmax(0, 1fr));}.kb-row-layout-id1887_762028-e0{background-image:linear-gradient(90deg,var(--global-palette7,#EDF2F7) 65%,var(--global-palette9,#ffffff) 65%,var(--global-palette9,#ffffff) 65%,var(--global-palette9,#ffffff) 65%);}.kb-row-layout-id1887_762028-e0 > .kt-row-layout-overlay{opacity:1;}@media all and (max-width: 1024px){.kb-row-layout-id1887_762028-e0 > .kt-row-column-wrap{column-gap:var(--global-kb-gap-md, 2rem);padding-top:var(--global-kb-spacing-3xl, 6.5rem);padding-bottom:var(--global-kb-spacing-3xl, 6.5rem);grid-template-columns:repeat(2, minmax(0, 1fr));}}@media all and (max-width: 767px){.kb-row-layout-id1887_762028-e0 > .kt-row-column-wrap{padding-top:var(--global-kb-spacing-3xl, 6.5rem);padding-bottom:var(--global-kb-spacing-xl, 4rem);grid-template-columns:minmax(0, 1fr);}}<\/style><div class=\"kb-row-layout-wrap kb-row-layout-id1887_762028-e0 alignfull has-theme-palette8-background-color kt-row-has-bg wp-block-kadence-rowlayout\"><div class=\"kt-row-column-wrap kt-has-2-columns kt-row-layout-equal kt-tab-layout-inherit kt-mobile-layout-row kt-row-valign-middle kb-theme-content-width\">\n<style>.kadence-column1887_781326-8d > .kt-inside-inner-col,.kadence-column1887_781326-8d > .kt-inside-inner-col:before{border-top-left-radius:0px;border-top-right-radius:0px;border-bottom-right-radius:0px;border-bottom-left-radius:0px;}.kadence-column1887_781326-8d > .kt-inside-inner-col{column-gap:var(--global-kb-gap-sm, 1rem);}.kadence-column1887_781326-8d > .kt-inside-inner-col{flex-direction:column;}.kadence-column1887_781326-8d > .kt-inside-inner-col > .aligncenter{width:100%;}.kadence-column1887_781326-8d > .kt-inside-inner-col:before{opacity:0.3;}.kadence-column1887_781326-8d{position:relative;}@media all and (max-width: 1024px){.kadence-column1887_781326-8d > .kt-inside-inner-col{padding-right:0px;flex-direction:column;justify-content:center;}}@media all and (max-width: 1024px){.kadence-column1887_781326-8d{text-align:center;}}@media all and (max-width: 767px){.kadence-column1887_781326-8d > .kt-inside-inner-col{flex-direction:column;justify-content:center;}.kadence-column1887_781326-8d, .kt-inside-inner-col > .kadence-column1887_781326-8d:not(.specificity){margin-bottom:var(--global-kb-spacing-md, 2rem);}}<\/style>\n<div class=\"wp-block-kadence-column kadence-column1887_781326-8d kb-section-dir-vertical inner-column-1\"><div class=\"kt-inside-inner-col\"><style>.wp-block-kadence-advancedheading.kt-adv-heading1887_c361be-2e, .wp-block-kadence-advancedheading.kt-adv-heading1887_c361be-2e[data-kb-block=\"kb-adv-heading1887_c361be-2e\"]{margin-top:0px;margin-bottom:var(--global-kb-spacing-lg, 3rem);font-size:var(--global-kb-font-size-xxl, 4rem);line-height:1.2;font-style:normal;}.wp-block-kadence-advancedheading.kt-adv-heading1887_c361be-2e mark.kt-highlight, .wp-block-kadence-advancedheading.kt-adv-heading1887_c361be-2e[data-kb-block=\"kb-adv-heading1887_c361be-2e\"] mark.kt-highlight{font-style:normal;color:#f76a0c;-webkit-box-decoration-break:clone;box-decoration-break:clone;padding-top:0px;padding-right:0px;padding-bottom:0px;padding-left:0px;}@media all and (max-width: 1024px){.wp-block-kadence-advancedheading.kt-adv-heading1887_c361be-2e, .wp-block-kadence-advancedheading.kt-adv-heading1887_c361be-2e[data-kb-block=\"kb-adv-heading1887_c361be-2e\"]{font-size:var(--global-kb-font-size-lg, 2rem);text-align:left!important;}}<\/style>\n<h1 class=\"kt-adv-heading1887_c361be-2e wp-block-kadence-advancedheading\" data-kb-block=\"kb-adv-heading1887_c361be-2e\">Kreatywne Centrum Rozwoju<\/h1>\n\n\n\n<p class=\"has--font-size\">Plac\u00f3wka wsparcia dziennego prowadzona w formie opieku\u0144czej \u201eKreatywne Centrum Rozwoju\u201d mie\u015bci si\u0119 w O\u015bwi\u0119cimiu, na osiedlu Stare Stawy przy ulicy Zagrodowej 1. Jest przeznaczona dla dzieci i m\u0142odzie\u017cy w wieku szkolnym od 7 lat do uko\u0144czenia 18 r.\u017c. (z mo\u017cliwo\u015bci\u0105 przyj\u0119cia dziecka w wieku 6 lat, od momentu rozpocz\u0119cia przez niego nauki w szkole podstawowej). \u015awietlica czynna jest przez ca\u0142y rok, w dniach od poniedzia\u0142ku do pi\u0105tku (z wy\u0142\u0105czeniem dni wolnych od pracy i nauki).<br><br><strong>G\u0142\u00f3wnym celem plac\u00f3wki jest:<\/strong><\/p>\n\n\n\n<ul class=\"wp-block-list\">\n<li>Obj\u0119cie dzieci i m\u0142odzie\u017cy w czasie wolnym od zaj\u0119\u0107 szkolnych opiek\u0105, zaj\u0119ciami wychowawczymi oraz profilaktycznymi zapewniaj\u0105c dost\u0119pu do r\u00f3\u017cnorodnych form sp\u0119dzania czasu wolnego.<\/li>\n\n\n\n<li>Organizacja czasu wolnego, zabaw, zaj\u0119\u0107 sportowych oraz rozwoju zainteresowa\u0144 podopiecznych.<\/li>\n\n\n\n<li>Propagowanie zdrowego stylu \u017cycia w\u015br\u00f3d dzieci.<\/li>\n\n\n\n<li>Pomoc w nauce wychowankom.<\/li>\n\n\n\n<li>Wspieranie rodziny w pe\u0142nieniu funkcji opieku\u0144czo \u2013 wychowawczej.<\/li>\n\n\n\n<li>Zapobieganie zachowaniom nieakceptowanym spo\u0142ecznie i szkodliwym dla zdrowia.<\/li>\n\n\n\n<li>Przeciwdzia\u0142anie marginalizacji i degradacji spo\u0142ecznej rodziny.<\/li>\n\n\n\n<li>Rozwijanie umiej\u0119tno\u015bci opieku\u0144czo \u2013 wychowawczych rodziny.<\/li>\n<\/ul>\n\n\n\n<p><strong>Plac\u00f3wka ma za zadanie:<\/strong><\/p>\n\n\n\n<ul class=\"wp-block-list\">\n<li>Rozwijanie zainteresowa\u0144 uzdolnie\u0144 dzieci i m\u0142odzie\u017cy.<\/li>\n\n\n\n<li>Kszta\u0142towanie umiej\u0119tno\u015bci konstruktywnego rozwi\u0105zywania problem\u00f3w emocjonalnych, rodzinnych, r\u00f3wie\u015bniczych, szkolnych.<\/li>\n\n\n\n<li>Tworzenie klimatu sprzyjaj\u0105cego powstawaniu wi\u0119zi w\u015br\u00f3d dzieci, uczenie zasad prawid\u0142owej komunikacji interpersonalnej.<\/li>\n\n\n\n<li>Rozwijanie samodzielno\u015bci, samorz\u0105dno\u015bci oraz aktywno\u015bci spo\u0142ecznej.<\/li>\n\n\n\n<li>Kszta\u0142towanie prawid\u0142owych postaw spo\u0142ecznych i kulturalnych.<\/li>\n\n\n\n<li>Wspieranie rozw\u00f3j osobistego, poczucia w\u0142asnej warto\u015bci, motywacje do dzia\u0142ania.<\/li>\n\n\n\n<li>Kszta\u0142towanie zachowa\u0144 prozdrowotnych.<\/li>\n\n\n\n<li>Wyr\u00f3wnywanie szanse dost\u0119pu do d\u00f3br i us\u0142ug.<\/li>\n\n\n\n<li>Do\u017cywianie.<\/li>\n\n\n\n<li>Tworzenie klimatu sprzyjaj\u0105cego powstawaniu wi\u0119zi w\u015br\u00f3d dzieci, uczenie zasad prawid\u0142owej komunikacji interpersonalnej.<\/li>\n\n\n\n<li>Kszta\u0142towanie zachowa\u0144 prozdrowotnych i kompensowanie deficyt\u00f3w.<\/li>\n<\/ul>\n<\/div><\/div>\n\n\n<style>.kadence-column1887_30609f-db > .kt-inside-inner-col,.kadence-column1887_30609f-db > .kt-inside-inner-col:before{border-top-left-radius:0px;border-top-right-radius:0px;border-bottom-right-radius:0px;border-bottom-left-radius:0px;}.kadence-column1887_30609f-db > .kt-inside-inner-col{column-gap:var(--global-kb-gap-sm, 1rem);}.kadence-column1887_30609f-db > .kt-inside-inner-col{flex-direction:column;}.kadence-column1887_30609f-db > .kt-inside-inner-col > .aligncenter{width:100%;}.kadence-column1887_30609f-db > .kt-inside-inner-col:before{opacity:0.3;}.kadence-column1887_30609f-db{position:relative;}@media all and (max-width: 1024px){.kadence-column1887_30609f-db > .kt-inside-inner-col{flex-direction:column;justify-content:center;}}@media all and (max-width: 767px){.kadence-column1887_30609f-db > .kt-inside-inner-col{flex-direction:column;justify-content:center;}}<\/style>\n<div class=\"wp-block-kadence-column kadence-column1887_30609f-db inner-column-2\"><div class=\"kt-inside-inner-col\"><style>.kb-image1887_d353fe-0f .kb-image-has-overlay:after{opacity:0.3;border-top-left-radius:15px;border-top-right-radius:15px;border-bottom-right-radius:15px;border-bottom-left-radius:15px;}.kb-image1887_d353fe-0f img.kb-img, .kb-image1887_d353fe-0f .kb-img img{border-top-left-radius:15px;border-top-right-radius:15px;border-bottom-right-radius:15px;border-bottom-left-radius:15px;}@media all and (max-width: 767px){.wp-block-kadence-image.kb-image1887_d353fe-0f:not(.kb-specificity-added):not(.kb-extra-specificity-added){margin-right:0px;margin-left:0px;}}<\/style>\n<figure class=\"wp-block-kadence-image kb-image1887_d353fe-0f kb-image-is-ratio-size\"><div class=\"kb-is-ratio-image kb-image-ratio-square\"><img loading=\"lazy\" decoding=\"async\" width=\"1024\" height=\"768\" src=\"http:\/\/www.stowarzyszenieszansa.pl\/page\/wp-content\/uploads\/2025\/05\/new_room.c7e02589.jpg\" alt=\"pomieszczenie w siedzibie stowarzyszenia SZANSA\" class=\"kb-img wp-image-1881\" srcset=\"https:\/\/www.stowarzyszenieszansa.pl\/page\/wp-content\/uploads\/2025\/05\/new_room.c7e02589.jpg 1024w, https:\/\/www.stowarzyszenieszansa.pl\/page\/wp-content\/uploads\/2025\/05\/new_room.c7e02589-300x225.jpg 300w, https:\/\/www.stowarzyszenieszansa.pl\/page\/wp-content\/uploads\/2025\/05\/new_room.c7e02589-768x576.jpg 768w\" sizes=\"auto, (max-width: 1024px) 100vw, 1024px\" \/><\/div><\/figure>\n<\/div><\/div>\n\n<\/div><\/div>","protected":false},"excerpt":{"rendered":"<p>Kreatywne Centrum Rozwoju Plac\u00f3wka wsparcia dziennego prowadzona w formie opieku\u0144czej \u201eKreatywne Centrum Rozwoju\u201d mie\u015bci si\u0119 w O\u015bwi\u0119cimiu, na osiedlu Stare Stawy przy ulicy Zagrodowej 1. Jest przeznaczona dla dzieci i&#8230;<\/p>\n","protected":false},"author":1,"featured_media":0,"parent":0,"menu_order":0,"comment_status":"closed","ping_status":"closed","template":"","meta":{"_kad_blocks_custom_css":"","_kad_blocks_head_custom_js":"","_kad_blocks_body_custom_js":"","_kad_blocks_footer_custom_js":"","_EventAllDay":false,"_EventTimezone":"","_EventStartDate":"","_EventEndDate":"","_EventStartDateUTC":"","_EventEndDateUTC":"","_EventShowMap":false,"_EventShowMapLink":false,"_EventURL":"","_EventCost":"","_EventCostDescription":"","_EventCurrencySymbol":"","_EventCurrencyCode":"","_EventCurrencyPosition":"","_EventDateTimeSeparator":"","_EventTimeRangeSeparator":"","_EventOrganizerID":[],"_EventVenueID":[],"_OrganizerEmail":"","_OrganizerPhone":"","_OrganizerWebsite":"","_VenueAddress":"","_VenueCity":"","_VenueCountry":"","_VenueProvince":"","_VenueState":"","_VenueZip":"","_VenuePhone":"","_VenueURL":"","_VenueStateProvince":"","_VenueLat":"","_VenueLng":"","_VenueShowMap":false,"_VenueShowMapLink":false,"_kadence_starter_templates_imported_post":false,"_kad_post_transparent":"","_kad_post_title":"","_kad_post_layout":"","_kad_post_sidebar_id":"","_kad_post_content_style":"","_kad_post_vertical_padding":"","_kad_post_feature":"","_kad_post_feature_position":"","_kad_post_header":false,"_kad_post_footer":false,"footnotes":""},"class_list":["post-1887","page","type-page","status-publish","hentry","page_group-swietlice"],"taxonomy_info":{"page_group":[{"value":11,"label":"SWIETLICE"}]},"featured_image_src_large":false,"author_info":{"display_name":"admin","author_link":"https:\/\/www.stowarzyszenieszansa.pl\/page\/?author=1"},"comment_info":0,"_links":{"self":[{"href":"https:\/\/www.stowarzyszenieszansa.pl\/page\/index.php?rest_route=\/wp\/v2\/pages\/1887","targetHints":{"allow":["GET"]}}],"collection":[{"href":"https:\/\/www.stowarzyszenieszansa.pl\/page\/index.php?rest_route=\/wp\/v2\/pages"}],"about":[{"href":"https:\/\/www.stowarzyszenieszansa.pl\/page\/index.php?rest_route=\/wp\/v2\/types\/page"}],"author":[{"embeddable":true,"href":"https:\/\/www.stowarzyszenieszansa.pl\/page\/index.php?rest_route=\/wp\/v2\/users\/1"}],"replies":[{"embeddable":true,"href":"https:\/\/www.stowarzyszenieszansa.pl\/page\/index.php?rest_route=%2Fwp%2Fv2%2Fcomments&post=1887"}],"version-history":[{"count":2,"href":"https:\/\/www.stowarzyszenieszansa.pl\/page\/index.php?rest_route=\/wp\/v2\/pages\/1887\/revisions"}],"predecessor-version":[{"id":1890,"href":"https:\/\/www.stowarzyszenieszansa.pl\/page\/index.php?rest_route=\/wp\/v2\/pages\/1887\/revisions\/1890"}],"wp:attachment":[{"href":"https:\/\/www.stowarzyszenieszansa.pl\/page\/index.php?rest_route=%2Fwp%2Fv2%2Fmedia&parent=1887"}],"curies":[{"name":"wp","href":"https:\/\/api.w.org\/{rel}","templated":true}]}}