{"id":2044,"date":"2025-05-20T08:41:20","date_gmt":"2025-05-20T08:41:20","guid":{"rendered":"https:\/\/www.stowarzyszenieszansa.pl\/page\/?page_id=2044"},"modified":"2025-05-20T08:59:14","modified_gmt":"2025-05-20T08:59:14","slug":"poradnictwo-prawne","status":"publish","type":"page","link":"https:\/\/www.stowarzyszenieszansa.pl\/page\/?page_id=2044","title":{"rendered":"Poradnictwo Prawne"},"content":{"rendered":"<style>.kb-row-layout-id2044_da0fb8-4e > .kt-row-column-wrap{align-content:start;}:where(.kb-row-layout-id2044_da0fb8-4e > .kt-row-column-wrap) > .wp-block-kadence-column{justify-content:start;}.kb-row-layout-id2044_da0fb8-4e > .kt-row-column-wrap{column-gap:var(--global-kb-gap-md, 2rem);row-gap:var(--global-kb-gap-md, 2rem);padding-top:var(--global-kb-spacing-sm, 1.5rem);padding-bottom:var(--global-kb-spacing-sm, 1.5rem);grid-template-columns:minmax(0, 1fr);}.kb-row-layout-id2044_da0fb8-4e > .kt-row-layout-overlay{opacity:0.30;}@media all and (max-width: 1024px){.kb-row-layout-id2044_da0fb8-4e > .kt-row-column-wrap{grid-template-columns:minmax(0, 1fr);}}@media all and (max-width: 767px){.kb-row-layout-id2044_da0fb8-4e > .kt-row-column-wrap{grid-template-columns:minmax(0, 1fr);}}<\/style><div class=\"kb-row-layout-wrap kb-row-layout-id2044_da0fb8-4e alignnone wp-block-kadence-rowlayout\"><div class=\"kt-row-column-wrap kt-has-1-columns kt-row-layout-equal kt-tab-layout-inherit kt-mobile-layout-row kt-row-valign-top\">\n<style>.kadence-column2044_fe0296-cd > .kt-inside-inner-col,.kadence-column2044_fe0296-cd > .kt-inside-inner-col:before{border-top-left-radius:0px;border-top-right-radius:0px;border-bottom-right-radius:0px;border-bottom-left-radius:0px;}.kadence-column2044_fe0296-cd > .kt-inside-inner-col{column-gap:var(--global-kb-gap-sm, 1rem);}.kadence-column2044_fe0296-cd > .kt-inside-inner-col{flex-direction:column;}.kadence-column2044_fe0296-cd > .kt-inside-inner-col > .aligncenter{width:100%;}.kadence-column2044_fe0296-cd > .kt-inside-inner-col:before{opacity:0.3;}.kadence-column2044_fe0296-cd{position:relative;}@media all and (max-width: 1024px){.kadence-column2044_fe0296-cd > .kt-inside-inner-col{flex-direction:column;justify-content:center;}}@media all and (max-width: 767px){.kadence-column2044_fe0296-cd > .kt-inside-inner-col{flex-direction:column;justify-content:center;}}<\/style>\n<div class=\"wp-block-kadence-column kadence-column2044_fe0296-cd\"><div class=\"kt-inside-inner-col\"><style>.wp-block-kadence-advancedheading.kt-adv-heading2044_7d0c14-48, .wp-block-kadence-advancedheading.kt-adv-heading2044_7d0c14-48[data-kb-block=\"kb-adv-heading2044_7d0c14-48\"]{text-align:center;font-style:normal;}.wp-block-kadence-advancedheading.kt-adv-heading2044_7d0c14-48 mark.kt-highlight, .wp-block-kadence-advancedheading.kt-adv-heading2044_7d0c14-48[data-kb-block=\"kb-adv-heading2044_7d0c14-48\"] mark.kt-highlight{font-style:normal;color:#f76a0c;-webkit-box-decoration-break:clone;box-decoration-break:clone;padding-top:0px;padding-right:0px;padding-bottom:0px;padding-left:0px;}<\/style>\n<h1 class=\"kt-adv-heading2044_7d0c14-48 wp-block-kadence-advancedheading\" data-kb-block=\"kb-adv-heading2044_7d0c14-48\">Poradnictwo Prawne<\/h1>\n<\/div><\/div>\n\n<\/div><\/div>\n\n<style>.kb-row-layout-id2044_ac36b5-c6 > .kt-row-column-wrap{align-content:start;}:where(.kb-row-layout-id2044_ac36b5-c6 > .kt-row-column-wrap) > .wp-block-kadence-column{justify-content:start;}.kb-row-layout-id2044_ac36b5-c6 > .kt-row-column-wrap{column-gap:var(--global-kb-gap-lg, 4rem);row-gap:var(--global-kb-gap-md, 2rem);max-width:var( --global-content-width, 1290px );padding-left:var(--global-content-edge-padding);padding-right:var(--global-content-edge-padding);padding-top:var(--global-kb-spacing-3xl, 6.5rem);padding-bottom:var(--global-kb-spacing-3xl, 6.5rem);grid-template-columns:repeat(2, minmax(0, 1fr));}.kb-row-layout-id2044_ac36b5-c6 > .kt-row-layout-overlay{opacity:0.30;}@media all and (max-width: 1024px){.kb-row-layout-id2044_ac36b5-c6 > .kt-row-column-wrap{grid-template-columns:minmax(0, 1fr);}}@media all and (max-width: 767px){.kb-row-layout-id2044_ac36b5-c6 > .kt-row-column-wrap{grid-template-columns:minmax(0, 1fr);}}<\/style><div class=\"kb-row-layout-wrap kb-row-layout-id2044_ac36b5-c6 alignfull has-theme-palette9-background-color kt-row-has-bg wp-block-kadence-rowlayout\"><div class=\"kt-row-column-wrap kt-has-2-columns kt-row-layout-equal kt-tab-layout-row kt-mobile-layout-row kt-row-valign-top kb-theme-content-width\">\n<style>.kadence-column2044_fee07d-7d > .kt-inside-inner-col{display:flex;}.kadence-column2044_fee07d-7d > .kt-inside-inner-col{padding-top:0px;padding-right:0px;padding-bottom:0px;padding-left:0px;}.kadence-column2044_fee07d-7d > .kt-inside-inner-col,.kadence-column2044_fee07d-7d > .kt-inside-inner-col:before{border-top-left-radius:6px;border-top-right-radius:6px;border-bottom-right-radius:6px;border-bottom-left-radius:6px;}.kadence-column2044_fee07d-7d > .kt-inside-inner-col{column-gap:var(--global-kb-gap-sm, 1rem);}.kadence-column2044_fee07d-7d > .kt-inside-inner-col{flex-direction:column;justify-content:center;}.kadence-column2044_fee07d-7d > .kt-inside-inner-col > .aligncenter{width:100%;}.kt-row-column-wrap > .kadence-column2044_fee07d-7d{align-self:center;}.kt-inner-column-height-full:not(.kt-has-1-columns) > .wp-block-kadence-column.kadence-column2044_fee07d-7d{align-self:auto;}.kt-inner-column-height-full:not(.kt-has-1-columns) > .wp-block-kadence-column.kadence-column2044_fee07d-7d > .kt-inside-inner-col{flex-direction:column;justify-content:center;}.kadence-column2044_fee07d-7d > .kt-inside-inner-col:before{opacity:0.3;}.kadence-column2044_fee07d-7d{position:relative;}.kadence-column2044_fee07d-7d, .kt-inside-inner-col > .kadence-column2044_fee07d-7d:not(.specificity){margin-top:0px;margin-right:0px;margin-bottom:0px;margin-left:0px;}@media all and (max-width: 1024px){.kt-row-column-wrap > .kadence-column2044_fee07d-7d{align-self:center;}}@media all and (max-width: 1024px){.kt-inner-column-height-full:not(.kt-has-1-columns) > .wp-block-kadence-column.kadence-column2044_fee07d-7d{align-self:auto;}}@media all and (max-width: 1024px){.kt-inner-column-height-full:not(.kt-has-1-columns) > .wp-block-kadence-column.kadence-column2044_fee07d-7d > .kt-inside-inner-col{flex-direction:column;justify-content:center;}}@media all and (max-width: 1024px){.kadence-column2044_fee07d-7d > .kt-inside-inner-col{flex-direction:column;justify-content:center;}}@media all and (max-width: 767px){.kt-row-column-wrap > .kadence-column2044_fee07d-7d{align-self:center;}.kt-inner-column-height-full:not(.kt-has-1-columns) > .wp-block-kadence-column.kadence-column2044_fee07d-7d{align-self:auto;}.kt-inner-column-height-full:not(.kt-has-1-columns) > .wp-block-kadence-column.kadence-column2044_fee07d-7d > .kt-inside-inner-col{flex-direction:column;justify-content:center;}.kadence-column2044_fee07d-7d > .kt-inside-inner-col{flex-direction:column;justify-content:center;}}<\/style>\n<div class=\"wp-block-kadence-column kadence-column2044_fee07d-7d inner-column-1 relative\"><div class=\"kt-inside-inner-col\"><style>.kadence-column2044_e4320e-20 > .kt-inside-inner-col,.kadence-column2044_e4320e-20 > .kt-inside-inner-col:before{border-top-left-radius:0px;border-top-right-radius:0px;border-bottom-right-radius:0px;border-bottom-left-radius:0px;}.kadence-column2044_e4320e-20 > .kt-inside-inner-col{column-gap:var(--global-kb-gap-sm, 1rem);}.kadence-column2044_e4320e-20 > .kt-inside-inner-col{flex-direction:column;}.kadence-column2044_e4320e-20 > .kt-inside-inner-col > .aligncenter{width:100%;}.kadence-column2044_e4320e-20 > .kt-inside-inner-col{background-color:var(--global-palette7, #EDF2F7);}.kadence-column2044_e4320e-20 > .kt-inside-inner-col:before{opacity:0.3;}.kadence-column2044_e4320e-20{position:relative;}.kadence-column2044_e4320e-20, .kt-inside-inner-col > .kadence-column2044_e4320e-20:not(.specificity){margin-top:50px;margin-right:50px;}@media all and (max-width: 1024px){.kadence-column2044_e4320e-20 > .kt-inside-inner-col{flex-direction:column;justify-content:center;}}@media all and (max-width: 767px){.kadence-column2044_e4320e-20 > .kt-inside-inner-col{flex-direction:column;justify-content:center;}}<\/style>\n<div class=\"wp-block-kadence-column kadence-column2044_e4320e-20\"><div class=\"kt-inside-inner-col\"><style>.wp-block-kadence-image.kb-image2044_3326a4-f8:not(.kb-specificity-added):not(.kb-extra-specificity-added){margin-top:-50px;margin-right:-50px;margin-bottom:0px;}.kb-image2044_3326a4-f8:not(.kb-image-is-ratio-size) .kb-img, .kb-image2044_3326a4-f8.kb-image-is-ratio-size{padding-bottom:50px;padding-left:50px;}.kb-image2044_3326a4-f8 .kb-image-has-overlay:after{opacity:0.3;}<\/style>\n<figure class=\"wp-block-kadence-image kb-image2044_3326a4-f8 size-full kb-image-is-ratio-size\"><div class=\"kb-is-ratio-image kb-image-ratio-land32\"><img loading=\"lazy\" decoding=\"async\" width=\"1024\" height=\"768\" src=\"http:\/\/www.stowarzyszenieszansa.pl\/page\/wp-content\/uploads\/2025\/05\/pexels-andrea-piacquadio-Poradnictwo_Prawne.jpg\" alt=\"\" class=\"kb-img wp-image-2013\" srcset=\"https:\/\/www.stowarzyszenieszansa.pl\/page\/wp-content\/uploads\/2025\/05\/pexels-andrea-piacquadio-Poradnictwo_Prawne.jpg 1024w, https:\/\/www.stowarzyszenieszansa.pl\/page\/wp-content\/uploads\/2025\/05\/pexels-andrea-piacquadio-Poradnictwo_Prawne-300x225.jpg 300w, https:\/\/www.stowarzyszenieszansa.pl\/page\/wp-content\/uploads\/2025\/05\/pexels-andrea-piacquadio-Poradnictwo_Prawne-768x576.jpg 768w\" sizes=\"auto, (max-width: 1024px) 100vw, 1024px\" \/><\/div><\/figure>\n<\/div><\/div>\n<\/div><\/div>\n\n\n<style>.kadence-column2044_814774-7d > .kt-inside-inner-col,.kadence-column2044_814774-7d > .kt-inside-inner-col:before{border-top-left-radius:0px;border-top-right-radius:0px;border-bottom-right-radius:0px;border-bottom-left-radius:0px;}.kadence-column2044_814774-7d > .kt-inside-inner-col{column-gap:var(--global-kb-gap-sm, 1rem);}.kadence-column2044_814774-7d > .kt-inside-inner-col{flex-direction:column;}.kadence-column2044_814774-7d > .kt-inside-inner-col > .aligncenter{width:100%;}.kadence-column2044_814774-7d > .kt-inside-inner-col:before{opacity:0.3;}.kadence-column2044_814774-7d{position:relative;}@media all and (max-width: 1024px){.kadence-column2044_814774-7d > .kt-inside-inner-col{flex-direction:column;justify-content:center;}}@media all and (max-width: 767px){.kadence-column2044_814774-7d > .kt-inside-inner-col{flex-direction:column;justify-content:center;}}<\/style>\n<div class=\"wp-block-kadence-column kadence-column2044_814774-7d inner-column-2\"><div class=\"kt-inside-inner-col\"><style>.wp-block-kadence-advancedheading.kt-adv-heading2044_ceb4b7-bf, .wp-block-kadence-advancedheading.kt-adv-heading2044_ceb4b7-bf[data-kb-block=\"kb-adv-heading2044_ceb4b7-bf\"]{text-align:left;font-size:var(--global-kb-font-size-lg, 2rem);font-style:normal;}.wp-block-kadence-advancedheading.kt-adv-heading2044_ceb4b7-bf mark.kt-highlight, .wp-block-kadence-advancedheading.kt-adv-heading2044_ceb4b7-bf[data-kb-block=\"kb-adv-heading2044_ceb4b7-bf\"] mark.kt-highlight{font-style:normal;color:#f76a0c;-webkit-box-decoration-break:clone;box-decoration-break:clone;padding-top:0px;padding-right:0px;padding-bottom:0px;padding-left:0px;}<\/style>\n<h2 class=\"kt-adv-heading2044_ceb4b7-bf wp-block-kadence-advancedheading\" data-kb-block=\"kb-adv-heading2044_ceb4b7-bf\">Udzielanie pomocy w zakresie rozwi\u0105zywania problem\u00f3w zwi\u0105zanych z prawem i relacjami z administracj\u0105 publiczn\u0105.<br><\/h2>\n<\/div><\/div>\n\n<\/div><\/div>","protected":false},"excerpt":{"rendered":"<p>Poradnictwo Prawne Udzielanie pomocy w zakresie rozwi\u0105zywania problem\u00f3w zwi\u0105zanych z prawem i relacjami z administracj\u0105 publiczn\u0105.<\/p>\n","protected":false},"author":1,"featured_media":0,"parent":0,"menu_order":0,"comment_status":"closed","ping_status":"closed","template":"","meta":{"_kad_blocks_custom_css":"","_kad_blocks_head_custom_js":"","_kad_blocks_body_custom_js":"","_kad_blocks_footer_custom_js":"","_EventAllDay":false,"_EventTimezone":"","_EventStartDate":"","_EventEndDate":"","_EventStartDateUTC":"","_EventEndDateUTC":"","_EventShowMap":false,"_EventShowMapLink":false,"_EventURL":"","_EventCost":"","_EventCostDescription":"","_EventCurrencySymbol":"","_EventCurrencyCode":"","_EventCurrencyPosition":"","_EventDateTimeSeparator":"","_EventTimeRangeSeparator":"","_EventOrganizerID":[],"_EventVenueID":[],"_OrganizerEmail":"","_OrganizerPhone":"","_OrganizerWebsite":"","_VenueAddress":"","_VenueCity":"","_VenueCountry":"","_VenueProvince":"","_VenueState":"","_VenueZip":"","_VenuePhone":"","_VenueURL":"","_VenueStateProvince":"","_VenueLat":"","_VenueLng":"","_VenueShowMap":false,"_VenueShowMapLink":false,"_kadence_starter_templates_imported_post":false,"_kad_post_transparent":"","_kad_post_title":"","_kad_post_layout":"","_kad_post_sidebar_id":"","_kad_post_content_style":"","_kad_post_vertical_padding":"","_kad_post_feature":"","_kad_post_feature_position":"","_kad_post_header":false,"_kad_post_footer":false,"footnotes":""},"class_list":["post-2044","page","type-page","status-publish","hentry","page_group-centrum-poradnicze"],"taxonomy_info":{"page_group":[{"value":10,"label":"CENTRUM PORADNICZE"}]},"featured_image_src_large":false,"author_info":{"display_name":"admin","author_link":"https:\/\/www.stowarzyszenieszansa.pl\/page\/?author=1"},"comment_info":0,"_links":{"self":[{"href":"https:\/\/www.stowarzyszenieszansa.pl\/page\/index.php?rest_route=\/wp\/v2\/pages\/2044","targetHints":{"allow":["GET"]}}],"collection":[{"href":"https:\/\/www.stowarzyszenieszansa.pl\/page\/index.php?rest_route=\/wp\/v2\/pages"}],"about":[{"href":"https:\/\/www.stowarzyszenieszansa.pl\/page\/index.php?rest_route=\/wp\/v2\/types\/page"}],"author":[{"embeddable":true,"href":"https:\/\/www.stowarzyszenieszansa.pl\/page\/index.php?rest_route=\/wp\/v2\/users\/1"}],"replies":[{"embeddable":true,"href":"https:\/\/www.stowarzyszenieszansa.pl\/page\/index.php?rest_route=%2Fwp%2Fv2%2Fcomments&post=2044"}],"version-history":[{"count":14,"href":"https:\/\/www.stowarzyszenieszansa.pl\/page\/index.php?rest_route=\/wp\/v2\/pages\/2044\/revisions"}],"predecessor-version":[{"id":2067,"href":"https:\/\/www.stowarzyszenieszansa.pl\/page\/index.php?rest_route=\/wp\/v2\/pages\/2044\/revisions\/2067"}],"wp:attachment":[{"href":"https:\/\/www.stowarzyszenieszansa.pl\/page\/index.php?rest_route=%2Fwp%2Fv2%2Fmedia&parent=2044"}],"curies":[{"name":"wp","href":"https:\/\/api.w.org\/{rel}","templated":true}]}}