{"id":2073,"date":"2025-05-20T09:05:31","date_gmt":"2025-05-20T09:05:31","guid":{"rendered":"https:\/\/www.stowarzyszenieszansa.pl\/page\/?page_id=2073"},"modified":"2025-10-01T13:29:52","modified_gmt":"2025-10-01T13:29:52","slug":"specjalista-ds-uzaleznien","status":"publish","type":"page","link":"https:\/\/www.stowarzyszenieszansa.pl\/page\/?page_id=2073","title":{"rendered":"Szko\u0142a dla Rodzic\u00f3w"},"content":{"rendered":"<style>.kb-row-layout-id2073_25e7de-04 > .kt-row-column-wrap{align-content:start;}:where(.kb-row-layout-id2073_25e7de-04 > .kt-row-column-wrap) > .wp-block-kadence-column{justify-content:start;}.kb-row-layout-id2073_25e7de-04 > .kt-row-column-wrap{column-gap:var(--global-kb-gap-md, 2rem);row-gap:var(--global-kb-gap-md, 2rem);padding-top:var(--global-kb-spacing-sm, 1.5rem);padding-bottom:var(--global-kb-spacing-sm, 1.5rem);grid-template-columns:minmax(0, 1fr);}.kb-row-layout-id2073_25e7de-04 > .kt-row-layout-overlay{opacity:0.30;}@media all and (max-width: 1024px){.kb-row-layout-id2073_25e7de-04 > .kt-row-column-wrap{grid-template-columns:minmax(0, 1fr);}}@media all and (max-width: 767px){.kb-row-layout-id2073_25e7de-04 > .kt-row-column-wrap{grid-template-columns:minmax(0, 1fr);}}<\/style><div class=\"kb-row-layout-wrap kb-row-layout-id2073_25e7de-04 alignnone wp-block-kadence-rowlayout\"><div class=\"kt-row-column-wrap kt-has-1-columns kt-row-layout-equal kt-tab-layout-inherit kt-mobile-layout-row kt-row-valign-top\">\n<style>.kadence-column2073_49103f-a1 > .kt-inside-inner-col,.kadence-column2073_49103f-a1 > .kt-inside-inner-col:before{border-top-left-radius:0px;border-top-right-radius:0px;border-bottom-right-radius:0px;border-bottom-left-radius:0px;}.kadence-column2073_49103f-a1 > .kt-inside-inner-col{column-gap:var(--global-kb-gap-sm, 1rem);}.kadence-column2073_49103f-a1 > .kt-inside-inner-col{flex-direction:column;}.kadence-column2073_49103f-a1 > .kt-inside-inner-col > .aligncenter{width:100%;}.kadence-column2073_49103f-a1 > .kt-inside-inner-col:before{opacity:0.3;}.kadence-column2073_49103f-a1{position:relative;}@media all and (max-width: 1024px){.kadence-column2073_49103f-a1 > .kt-inside-inner-col{flex-direction:column;justify-content:center;}}@media all and (max-width: 767px){.kadence-column2073_49103f-a1 > .kt-inside-inner-col{flex-direction:column;justify-content:center;}}<\/style>\n<div class=\"wp-block-kadence-column kadence-column2073_49103f-a1\"><div class=\"kt-inside-inner-col\"><style>.wp-block-kadence-advancedheading.kt-adv-heading2073_b3f7b4-7c, .wp-block-kadence-advancedheading.kt-adv-heading2073_b3f7b4-7c[data-kb-block=\"kb-adv-heading2073_b3f7b4-7c\"]{text-align:center;font-style:normal;}.wp-block-kadence-advancedheading.kt-adv-heading2073_b3f7b4-7c mark.kt-highlight, .wp-block-kadence-advancedheading.kt-adv-heading2073_b3f7b4-7c[data-kb-block=\"kb-adv-heading2073_b3f7b4-7c\"] mark.kt-highlight{font-style:normal;color:#f76a0c;-webkit-box-decoration-break:clone;box-decoration-break:clone;padding-top:0px;padding-right:0px;padding-bottom:0px;padding-left:0px;}<\/style>\n<h1 class=\"kt-adv-heading2073_b3f7b4-7c wp-block-kadence-advancedheading\" data-kb-block=\"kb-adv-heading2073_b3f7b4-7c\">Szko\u0142a dla rodzic\u00f3w<\/h1>\n<\/div><\/div>\n\n<\/div><\/div>\n\n<style>.kb-row-layout-id2073_4c8af9-fd > .kt-row-column-wrap{align-content:start;}:where(.kb-row-layout-id2073_4c8af9-fd > .kt-row-column-wrap) > .wp-block-kadence-column{justify-content:start;}.kb-row-layout-id2073_4c8af9-fd > .kt-row-column-wrap{column-gap:var(--global-kb-gap-lg, 4rem);row-gap:var(--global-kb-gap-md, 2rem);max-width:var( --global-content-width, 1290px );padding-left:var(--global-content-edge-padding);padding-right:var(--global-content-edge-padding);padding-top:var(--global-kb-spacing-3xl, 6.5rem);padding-bottom:var(--global-kb-spacing-3xl, 6.5rem);grid-template-columns:repeat(2, minmax(0, 1fr));}.kb-row-layout-id2073_4c8af9-fd > .kt-row-layout-overlay{opacity:0.30;}@media all and (max-width: 1024px){.kb-row-layout-id2073_4c8af9-fd > .kt-row-column-wrap{grid-template-columns:minmax(0, 1fr);}}@media all and (max-width: 767px){.kb-row-layout-id2073_4c8af9-fd > .kt-row-column-wrap{grid-template-columns:minmax(0, 1fr);}}n<\/style><div class=\"kb-row-layout-wrap kb-row-layout-id2073_4c8af9-fd alignfull has-theme-palette9-background-color kt-row-has-bg wp-block-kadence-rowlayout\"><div class=\"kt-row-column-wrap kt-has-2-columns kt-row-layout-equal kt-tab-layout-row kt-mobile-layout-row kt-row-valign-top kb-theme-content-width\">\n<style>.kadence-column2073_b0978a-76 > .kt-inside-inner-col{display:flex;}.kadence-column2073_b0978a-76 > .kt-inside-inner-col{padding-top:0px;padding-right:0px;padding-bottom:0px;padding-left:0px;}.kadence-column2073_b0978a-76 > .kt-inside-inner-col,.kadence-column2073_b0978a-76 > .kt-inside-inner-col:before{border-top-left-radius:6px;border-top-right-radius:6px;border-bottom-right-radius:6px;border-bottom-left-radius:6px;}.kadence-column2073_b0978a-76 > .kt-inside-inner-col{column-gap:var(--global-kb-gap-sm, 1rem);}.kadence-column2073_b0978a-76 > .kt-inside-inner-col{flex-direction:column;justify-content:center;}.kadence-column2073_b0978a-76 > .kt-inside-inner-col > .aligncenter{width:100%;}.kt-row-column-wrap > .kadence-column2073_b0978a-76{align-self:center;}.kt-inner-column-height-full:not(.kt-has-1-columns) > .wp-block-kadence-column.kadence-column2073_b0978a-76{align-self:auto;}.kt-inner-column-height-full:not(.kt-has-1-columns) > .wp-block-kadence-column.kadence-column2073_b0978a-76 > .kt-inside-inner-col{flex-direction:column;justify-content:center;}.kadence-column2073_b0978a-76 > .kt-inside-inner-col:before{opacity:0.3;}.kadence-column2073_b0978a-76{position:relative;}.kadence-column2073_b0978a-76, .kt-inside-inner-col > .kadence-column2073_b0978a-76:not(.specificity){margin-top:0px;margin-right:0px;margin-bottom:0px;margin-left:0px;}@media all and (max-width: 1024px){.kt-row-column-wrap > .kadence-column2073_b0978a-76{align-self:center;}}@media all and (max-width: 1024px){.kt-inner-column-height-full:not(.kt-has-1-columns) > .wp-block-kadence-column.kadence-column2073_b0978a-76{align-self:auto;}}@media all and (max-width: 1024px){.kt-inner-column-height-full:not(.kt-has-1-columns) > .wp-block-kadence-column.kadence-column2073_b0978a-76 > .kt-inside-inner-col{flex-direction:column;justify-content:center;}}@media all and (max-width: 1024px){.kadence-column2073_b0978a-76 > .kt-inside-inner-col{flex-direction:column;justify-content:center;}}@media all and (max-width: 767px){.kt-row-column-wrap > .kadence-column2073_b0978a-76{align-self:center;}.kt-inner-column-height-full:not(.kt-has-1-columns) > .wp-block-kadence-column.kadence-column2073_b0978a-76{align-self:auto;}.kt-inner-column-height-full:not(.kt-has-1-columns) > .wp-block-kadence-column.kadence-column2073_b0978a-76 > .kt-inside-inner-col{flex-direction:column;justify-content:center;}.kadence-column2073_b0978a-76 > .kt-inside-inner-col{flex-direction:column;justify-content:center;}}<\/style>\n<div class=\"wp-block-kadence-column kadence-column2073_b0978a-76 inner-column-1 relative\"><div class=\"kt-inside-inner-col\"><style>.kadence-column2073_a2bc61-0c > .kt-inside-inner-col,.kadence-column2073_a2bc61-0c > .kt-inside-inner-col:before{border-top-left-radius:0px;border-top-right-radius:0px;border-bottom-right-radius:0px;border-bottom-left-radius:0px;}.kadence-column2073_a2bc61-0c > .kt-inside-inner-col{column-gap:var(--global-kb-gap-sm, 1rem);}.kadence-column2073_a2bc61-0c > .kt-inside-inner-col{flex-direction:column;}.kadence-column2073_a2bc61-0c > .kt-inside-inner-col > .aligncenter{width:100%;}.kadence-column2073_a2bc61-0c > .kt-inside-inner-col{background-color:var(--global-palette7, #EDF2F7);}.kadence-column2073_a2bc61-0c > .kt-inside-inner-col:before{opacity:0.3;}.kadence-column2073_a2bc61-0c{position:relative;}.kadence-column2073_a2bc61-0c, .kt-inside-inner-col > .kadence-column2073_a2bc61-0c:not(.specificity){margin-top:50px;margin-right:50px;}@media all and (max-width: 1024px){.kadence-column2073_a2bc61-0c > .kt-inside-inner-col{flex-direction:column;justify-content:center;}}@media all and (max-width: 767px){.kadence-column2073_a2bc61-0c > .kt-inside-inner-col{flex-direction:column;justify-content:center;}}<\/style>\n<div class=\"wp-block-kadence-column kadence-column2073_a2bc61-0c\"><div class=\"kt-inside-inner-col\"><style>.wp-block-kadence-image.kb-image2073_1dd8c5-02:not(.kb-specificity-added):not(.kb-extra-specificity-added){margin-top:-50px;margin-right:-50px;margin-bottom:0px;}.kb-image2073_1dd8c5-02:not(.kb-image-is-ratio-size) .kb-img, .kb-image2073_1dd8c5-02.kb-image-is-ratio-size{padding-bottom:50px;padding-left:50px;}.kb-image2073_1dd8c5-02 .kb-image-has-overlay:after{opacity:0.3;}<\/style>\n<figure class=\"wp-block-kadence-image kb-image2073_1dd8c5-02 size-full kb-image-is-ratio-size\"><div class=\"kb-is-ratio-image kb-image-ratio-land32\"><img loading=\"lazy\" decoding=\"async\" width=\"1024\" height=\"768\" src=\"http:\/\/www.stowarzyszenieszansa.pl\/page\/wp-content\/uploads\/2025\/05\/pexels-shvets-production-Specjalista_ds_uzaleznien.jpg\" alt=\"\" class=\"kb-img wp-image-2015\" srcset=\"https:\/\/www.stowarzyszenieszansa.pl\/page\/wp-content\/uploads\/2025\/05\/pexels-shvets-production-Specjalista_ds_uzaleznien.jpg 1024w, https:\/\/www.stowarzyszenieszansa.pl\/page\/wp-content\/uploads\/2025\/05\/pexels-shvets-production-Specjalista_ds_uzaleznien-300x225.jpg 300w, https:\/\/www.stowarzyszenieszansa.pl\/page\/wp-content\/uploads\/2025\/05\/pexels-shvets-production-Specjalista_ds_uzaleznien-768x576.jpg 768w\" sizes=\"auto, (max-width: 1024px) 100vw, 1024px\" \/><\/div><\/figure>\n<\/div><\/div>\n<\/div><\/div>\n\n\n<style>.kadence-column2073_2753f3-41 > .kt-inside-inner-col,.kadence-column2073_2753f3-41 > .kt-inside-inner-col:before{border-top-left-radius:0px;border-top-right-radius:0px;border-bottom-right-radius:0px;border-bottom-left-radius:0px;}.kadence-column2073_2753f3-41 > .kt-inside-inner-col{column-gap:var(--global-kb-gap-sm, 1rem);}.kadence-column2073_2753f3-41 > .kt-inside-inner-col{flex-direction:column;}.kadence-column2073_2753f3-41 > .kt-inside-inner-col > .aligncenter{width:100%;}.kadence-column2073_2753f3-41 > .kt-inside-inner-col:before{opacity:0.3;}.kadence-column2073_2753f3-41{position:relative;}@media all and (max-width: 1024px){.kadence-column2073_2753f3-41 > .kt-inside-inner-col{flex-direction:column;justify-content:center;}}@media all and (max-width: 767px){.kadence-column2073_2753f3-41 > .kt-inside-inner-col{flex-direction:column;justify-content:center;}}<\/style>\n<div class=\"wp-block-kadence-column kadence-column2073_2753f3-41 inner-column-2\"><div class=\"kt-inside-inner-col\"><style>.wp-block-kadence-advancedheading.kt-adv-heading2073_5e7032-9c, .wp-block-kadence-advancedheading.kt-adv-heading2073_5e7032-9c[data-kb-block=\"kb-adv-heading2073_5e7032-9c\"]{text-align:left;font-size:23px;font-style:normal;}.wp-block-kadence-advancedheading.kt-adv-heading2073_5e7032-9c mark.kt-highlight, .wp-block-kadence-advancedheading.kt-adv-heading2073_5e7032-9c[data-kb-block=\"kb-adv-heading2073_5e7032-9c\"] mark.kt-highlight{font-style:normal;color:#f76a0c;-webkit-box-decoration-break:clone;box-decoration-break:clone;padding-top:0px;padding-right:0px;padding-bottom:0px;padding-left:0px;}<\/style>\n<h2 class=\"kt-adv-heading2073_5e7032-9c wp-block-kadence-advancedheading\" data-kb-block=\"kb-adv-heading2073_5e7032-9c\">&#8222;Szko\u0142a dla rodzic\u00f3w&#8221;, czyli cykl zaj\u0119\u0107 podnosz\u0105cych kompetencje rodzicielskie przeznaczona jest dla os\u00f3b,<br>u kt\u00f3rych wyst\u0119puj\u0105 problemy wychowawcze lub zagro\u017cenia nieprawid\u0142owego sprawowania w\u0142adzy rodzicielskiej, co prowadzi do jej odebrania. <br>Nie w\u0105tpliwie zaj\u0119cia te skierowane s\u0105 do os\u00f3b, kt\u00f3rych rodziny s\u0105 w kryzysie.<br>Zaj\u0119cia &#8222;Szko\u0142y dla rodzic\u00f3w&#8221; prowadzone s\u0105 przez specjalist\u00f3w tj. psycholog, pedagog, prawnik.<br><br><\/h2>\n<\/div><\/div>\n\n<\/div><\/div>","protected":false},"excerpt":{"rendered":"<p>Szko\u0142a dla rodzic\u00f3w &#8222;Szko\u0142a dla rodzic\u00f3w&#8221;, czyli cykl zaj\u0119\u0107 podnosz\u0105cych kompetencje rodzicielskie przeznaczona jest dla os\u00f3b,u kt\u00f3rych wyst\u0119puj\u0105 problemy wychowawcze lub zagro\u017cenia nieprawid\u0142owego sprawowania w\u0142adzy rodzicielskiej, co prowadzi do jej&#8230;<\/p>\n","protected":false},"author":1,"featured_media":0,"parent":0,"menu_order":0,"comment_status":"closed","ping_status":"closed","template":"","meta":{"_kad_blocks_custom_css":"","_kad_blocks_head_custom_js":"","_kad_blocks_body_custom_js":"","_kad_blocks_footer_custom_js":"","_EventAllDay":false,"_EventTimezone":"","_EventStartDate":"","_EventEndDate":"","_EventStartDateUTC":"","_EventEndDateUTC":"","_EventShowMap":false,"_EventShowMapLink":false,"_EventURL":"","_EventCost":"","_EventCostDescription":"","_EventCurrencySymbol":"","_EventCurrencyCode":"","_EventCurrencyPosition":"","_EventDateTimeSeparator":"","_EventTimeRangeSeparator":"","_EventOrganizerID":[],"_EventVenueID":[],"_OrganizerEmail":"","_OrganizerPhone":"","_OrganizerWebsite":"","_VenueAddress":"","_VenueCity":"","_VenueCountry":"","_VenueProvince":"","_VenueState":"","_VenueZip":"","_VenuePhone":"","_VenueURL":"","_VenueStateProvince":"","_VenueLat":"","_VenueLng":"","_VenueShowMap":false,"_VenueShowMapLink":false,"_kadence_starter_templates_imported_post":false,"_kad_post_transparent":"","_kad_post_title":"","_kad_post_layout":"","_kad_post_sidebar_id":"","_kad_post_content_style":"","_kad_post_vertical_padding":"","_kad_post_feature":"","_kad_post_feature_position":"","_kad_post_header":false,"_kad_post_footer":false,"footnotes":""},"class_list":["post-2073","page","type-page","status-publish","hentry","page_group-centrum-poradnicze"],"taxonomy_info":{"page_group":[{"value":10,"label":"CENTRUM PORADNICZE"}]},"featured_image_src_large":false,"author_info":{"display_name":"admin","author_link":"https:\/\/www.stowarzyszenieszansa.pl\/page\/?author=1"},"comment_info":0,"_links":{"self":[{"href":"https:\/\/www.stowarzyszenieszansa.pl\/page\/index.php?rest_route=\/wp\/v2\/pages\/2073","targetHints":{"allow":["GET"]}}],"collection":[{"href":"https:\/\/www.stowarzyszenieszansa.pl\/page\/index.php?rest_route=\/wp\/v2\/pages"}],"about":[{"href":"https:\/\/www.stowarzyszenieszansa.pl\/page\/index.php?rest_route=\/wp\/v2\/types\/page"}],"author":[{"embeddable":true,"href":"https:\/\/www.stowarzyszenieszansa.pl\/page\/index.php?rest_route=\/wp\/v2\/users\/1"}],"replies":[{"embeddable":true,"href":"https:\/\/www.stowarzyszenieszansa.pl\/page\/index.php?rest_route=%2Fwp%2Fv2%2Fcomments&post=2073"}],"version-history":[{"count":5,"href":"https:\/\/www.stowarzyszenieszansa.pl\/page\/index.php?rest_route=\/wp\/v2\/pages\/2073\/revisions"}],"predecessor-version":[{"id":2248,"href":"https:\/\/www.stowarzyszenieszansa.pl\/page\/index.php?rest_route=\/wp\/v2\/pages\/2073\/revisions\/2248"}],"wp:attachment":[{"href":"https:\/\/www.stowarzyszenieszansa.pl\/page\/index.php?rest_route=%2Fwp%2Fv2%2Fmedia&parent=2073"}],"curies":[{"name":"wp","href":"https:\/\/api.w.org\/{rel}","templated":true}]}}